{"id":2829,"date":"2023-09-03T01:53:03","date_gmt":"2023-09-03T04:53:03","guid":{"rendered":"https:\/\/departamentoscarilo.com.ar\/?page_id=2829"},"modified":"2023-09-03T20:06:18","modified_gmt":"2023-09-03T23:06:18","slug":"blog","status":"publish","type":"page","link":"https:\/\/departamentoscarilo.com.ar\/index.php\/blog\/","title":{"rendered":"Blog"},"content":{"rendered":"\t\t<div data-elementor-type=\"wp-page\" data-elementor-id=\"2829\" class=\"elementor elementor-2829\" data-elementor-settings=\"{&quot;ha_cmc_init_switcher&quot;:&quot;no&quot;}\" data-elementor-post-type=\"page\">\n\t\t\t\t\t\t<section class=\"elementor-section elementor-top-section elementor-element elementor-element-38220e04 elementor-section-height-min-height elementor-section-full_width elementor-section-items-stretch elementor-section-content-middle elementor-section-height-default wpr-particle-no wpr-jarallax-no wpr-parallax-no wpr-sticky-section-no\" data-id=\"38220e04\" data-element_type=\"section\" data-settings=\"{&quot;background_background&quot;:&quot;classic&quot;,&quot;_ha_eqh_enable&quot;:false}\">\n\t\t\t\t\t\t\t<div class=\"elementor-background-overlay\"><\/div>\n\t\t\t\t\t\t\t<div class=\"elementor-container elementor-column-gap-default\">\n\t\t\t\t\t<div class=\"elementor-column elementor-col-100 elementor-top-column elementor-element elementor-element-4f3ec851\" data-id=\"4f3ec851\" data-element_type=\"column\">\n\t\t\t<div class=\"elementor-widget-wrap elementor-element-populated\">\n\t\t\t\t\t\t<div class=\"elementor-element elementor-element-1128f7cb elementor-absolute elementor-widget elementor-widget-heading\" data-id=\"1128f7cb\" data-element_type=\"widget\" data-settings=\"{&quot;_position&quot;:&quot;absolute&quot;}\" data-widget_type=\"heading.default\">\n\t\t\t\t<div class=\"elementor-widget-container\">\n\t\t\t\t\t<h1 class=\"elementor-heading-title elementor-size-default\">Novedades en Caril\u00f3<\/h1>\t\t\t\t<\/div>\n\t\t\t\t<\/div>\n\t\t\t\t\t<\/div>\n\t\t<\/div>\n\t\t\t\t\t<\/div>\n\t\t<\/section>\n\t\t\t\t<section class=\"elementor-section elementor-top-section elementor-element elementor-element-4a68518 elementor-section-boxed elementor-section-height-default elementor-section-height-default wpr-particle-no wpr-jarallax-no wpr-parallax-no wpr-sticky-section-no\" data-id=\"4a68518\" data-element_type=\"section\" data-settings=\"{&quot;_ha_eqh_enable&quot;:false}\">\n\t\t\t\t\t\t<div class=\"elementor-container elementor-column-gap-default\">\n\t\t\t\t\t<div class=\"elementor-column elementor-col-100 elementor-top-column elementor-element elementor-element-ed977fd\" data-id=\"ed977fd\" data-element_type=\"column\">\n\t\t\t<div class=\"elementor-widget-wrap elementor-element-populated\">\n\t\t\t\t\t\t<div class=\"elementor-element elementor-element-8edad9c elementor-grid-3 elementor-grid-tablet-2 elementor-grid-mobile-1 elementor-posts--thumbnail-top elementor-widget elementor-widget-posts\" data-id=\"8edad9c\" data-element_type=\"widget\" data-settings=\"{&quot;classic_columns&quot;:&quot;3&quot;,&quot;classic_columns_tablet&quot;:&quot;2&quot;,&quot;classic_columns_mobile&quot;:&quot;1&quot;,&quot;classic_row_gap&quot;:{&quot;unit&quot;:&quot;px&quot;,&quot;size&quot;:35,&quot;sizes&quot;:[]},&quot;classic_row_gap_tablet&quot;:{&quot;unit&quot;:&quot;px&quot;,&quot;size&quot;:&quot;&quot;,&quot;sizes&quot;:[]},&quot;classic_row_gap_mobile&quot;:{&quot;unit&quot;:&quot;px&quot;,&quot;size&quot;:&quot;&quot;,&quot;sizes&quot;:[]}}\" data-widget_type=\"posts.classic\">\n\t\t\t\t<div class=\"elementor-widget-container\">\n\t\t\t\t\t\t\t<div class=\"elementor-posts-container elementor-posts elementor-posts--skin-classic elementor-grid\">\n\t\t\t\t<article class=\"elementor-post elementor-grid-item post-2891 post type-post status-publish format-standard has-post-thumbnail hentry category-blog\">\n\t\t\t\t<a class=\"elementor-post__thumbnail__link\" href=\"https:\/\/departamentoscarilo.com.ar\/index.php\/2023\/09\/03\/tu-guia-para-una-experiencia-de-playa-inolvidable\/\" tabindex=\"-1\" >\n\t\t\t<div class=\"elementor-post__thumbnail\"><img fetchpriority=\"high\" decoding=\"async\" width=\"300\" height=\"168\" src=\"https:\/\/departamentoscarilo.com.ar\/wp-content\/uploads\/2023\/07\/fa6901d0-fbb4-418f-abe6-12b88ff34b22-300x168.webp\" class=\"attachment-medium size-medium wp-image-2900\" alt=\"\" srcset=\"https:\/\/departamentoscarilo.com.ar\/wp-content\/uploads\/2023\/07\/fa6901d0-fbb4-418f-abe6-12b88ff34b22-300x168.webp 300w, https:\/\/departamentoscarilo.com.ar\/wp-content\/uploads\/2023\/07\/fa6901d0-fbb4-418f-abe6-12b88ff34b22-768x431.webp 768w, https:\/\/departamentoscarilo.com.ar\/wp-content\/uploads\/2023\/07\/fa6901d0-fbb4-418f-abe6-12b88ff34b22-600x337.webp 600w, https:\/\/departamentoscarilo.com.ar\/wp-content\/uploads\/2023\/07\/fa6901d0-fbb4-418f-abe6-12b88ff34b22.webp 959w\" sizes=\"(max-width: 300px) 100vw, 300px\" \/><\/div>\n\t\t<\/a>\n\t\t\t\t<div class=\"elementor-post__text\">\n\t\t\t\t<h3 class=\"elementor-post__title\">\n\t\t\t<a href=\"https:\/\/departamentoscarilo.com.ar\/index.php\/2023\/09\/03\/tu-guia-para-una-experiencia-de-playa-inolvidable\/\" >\n\t\t\t\tGu\u00eda para un d\u00eda de playa\t\t\t<\/a>\n\t\t<\/h3>\n\t\t\t\t<div class=\"elementor-post__meta-data\">\n\t\t\t\t\t<span class=\"elementor-post-date\">\n\t\t\t3 September, 2023\t\t<\/span>\n\t\t\t\t<span class=\"elementor-post-avatar\">\n\t\t\tNo Comments\t\t<\/span>\n\t\t\t\t<\/div>\n\t\t\t\t<div class=\"elementor-post__excerpt\">\n\t\t\t<p>Caril\u00f3 es un lugar paradis\u00edaco, para disfrutar todo el a\u00f1o. Sus extensas playas, sus m\u00e9danos y bosques; su centro comercial lleno de vida con actividades para todas las edades, buena gastronom\u00eda y la posibilidad de hacer deportes y turismo aventura. Su principal atractivo son sus hermosas playas y la tranquilidad<\/p>\n\t\t<\/div>\n\t\t\n\t\t<a class=\"elementor-post__read-more\" href=\"https:\/\/departamentoscarilo.com.ar\/index.php\/2023\/09\/03\/tu-guia-para-una-experiencia-de-playa-inolvidable\/\" aria-label=\"Read more about Gu\u00eda para un d\u00eda de playa\" tabindex=\"-1\" >\n\t\t\tRead More \u00bb\t\t<\/a>\n\n\t\t\t\t<\/div>\n\t\t\t\t<\/article>\n\t\t\t\t<article class=\"elementor-post elementor-grid-item post-2555 post type-post status-publish format-standard has-post-thumbnail hentry category-blog\">\n\t\t\t\t<a class=\"elementor-post__thumbnail__link\" href=\"https:\/\/departamentoscarilo.com.ar\/index.php\/2023\/09\/01\/carilo\/\" tabindex=\"-1\" >\n\t\t\t<div class=\"elementor-post__thumbnail\"><img decoding=\"async\" width=\"300\" height=\"169\" src=\"https:\/\/departamentoscarilo.com.ar\/wp-content\/uploads\/2023\/08\/carilo-fondo-1536x864-1-300x169.webp\" class=\"attachment-medium size-medium wp-image-2562\" alt=\"\" srcset=\"https:\/\/departamentoscarilo.com.ar\/wp-content\/uploads\/2023\/08\/carilo-fondo-1536x864-1-300x169.webp 300w, https:\/\/departamentoscarilo.com.ar\/wp-content\/uploads\/2023\/08\/carilo-fondo-1536x864-1-1024x576.webp 1024w, https:\/\/departamentoscarilo.com.ar\/wp-content\/uploads\/2023\/08\/carilo-fondo-1536x864-1-768x432.webp 768w, https:\/\/departamentoscarilo.com.ar\/wp-content\/uploads\/2023\/08\/carilo-fondo-1536x864-1-600x338.webp 600w, https:\/\/departamentoscarilo.com.ar\/wp-content\/uploads\/2023\/08\/carilo-fondo-1536x864-1.webp 1536w\" sizes=\"(max-width: 300px) 100vw, 300px\" \/><\/div>\n\t\t<\/a>\n\t\t\t\t<div class=\"elementor-post__text\">\n\t\t\t\t<h3 class=\"elementor-post__title\">\n\t\t\t<a href=\"https:\/\/departamentoscarilo.com.ar\/index.php\/2023\/09\/01\/carilo\/\" >\n\t\t\t\tParque Caril\u00f3\t\t\t<\/a>\n\t\t<\/h3>\n\t\t\t\t<div class=\"elementor-post__meta-data\">\n\t\t\t\t\t<span class=\"elementor-post-date\">\n\t\t\t1 September, 2023\t\t<\/span>\n\t\t\t\t<span class=\"elementor-post-avatar\">\n\t\t\tNo Comments\t\t<\/span>\n\t\t\t\t<\/div>\n\t\t\t\t<div class=\"elementor-post__excerpt\">\n\t\t\t<p>Con su excelente atenci\u00f3n al visitante y una infraestructura hotelera y de alquileres temporales de primer nivel, Caril\u00f3 es el destino de vacaciones m\u00e1s exclusivo de la Costa Atl\u00e1ntica argentina. Cada vez que uno vuelve, encuentra un Caril\u00f3 distinto, va creciendo sin resignar sus cualidades de altea, que nos dan<\/p>\n\t\t<\/div>\n\t\t\n\t\t<a class=\"elementor-post__read-more\" href=\"https:\/\/departamentoscarilo.com.ar\/index.php\/2023\/09\/01\/carilo\/\" aria-label=\"Read more about Parque Caril\u00f3\" tabindex=\"-1\" >\n\t\t\tRead More \u00bb\t\t<\/a>\n\n\t\t\t\t<\/div>\n\t\t\t\t<\/article>\n\t\t\t\t<\/div>\n\t\t\n\t\t\t\t\t\t<\/div>\n\t\t\t\t<\/div>\n\t\t\t\t\t<\/div>\n\t\t<\/div>\n\t\t\t\t\t<\/div>\n\t\t<\/section>\n\t\t\t\t<\/div>\n\t\t","protected":false},"excerpt":{"rendered":"<p>Novedades en Caril\u00f3<\/p>\n","protected":false},"author":1,"featured_media":325,"parent":0,"menu_order":0,"comment_status":"closed","ping_status":"closed","template":"elementor_header_footer","meta":{"footnotes":""},"class_list":["post-2829","page","type-page","status-publish","has-post-thumbnail","hentry"],"_links":{"self":[{"href":"https:\/\/departamentoscarilo.com.ar\/index.php\/wp-json\/wp\/v2\/pages\/2829","targetHints":{"allow":["GET"]}}],"collection":[{"href":"https:\/\/departamentoscarilo.com.ar\/index.php\/wp-json\/wp\/v2\/pages"}],"about":[{"href":"https:\/\/departamentoscarilo.com.ar\/index.php\/wp-json\/wp\/v2\/types\/page"}],"author":[{"embeddable":true,"href":"https:\/\/departamentoscarilo.com.ar\/index.php\/wp-json\/wp\/v2\/users\/1"}],"replies":[{"embeddable":true,"href":"https:\/\/departamentoscarilo.com.ar\/index.php\/wp-json\/wp\/v2\/comments?post=2829"}],"version-history":[{"count":44,"href":"https:\/\/departamentoscarilo.com.ar\/index.php\/wp-json\/wp\/v2\/pages\/2829\/revisions"}],"predecessor-version":[{"id":2968,"href":"https:\/\/departamentoscarilo.com.ar\/index.php\/wp-json\/wp\/v2\/pages\/2829\/revisions\/2968"}],"wp:featuredmedia":[{"embeddable":true,"href":"https:\/\/departamentoscarilo.com.ar\/index.php\/wp-json\/wp\/v2\/media\/325"}],"wp:attachment":[{"href":"https:\/\/departamentoscarilo.com.ar\/index.php\/wp-json\/wp\/v2\/media?parent=2829"}],"curies":[{"name":"wp","href":"https:\/\/api.w.org\/{rel}","templated":true}]}}