{"id":1512,"date":"2023-08-15T05:52:55","date_gmt":"2023-08-15T08:52:55","guid":{"rendered":"https:\/\/departamentoscarilo.com.ar\/?page_id=1512"},"modified":"2023-10-01T00:33:33","modified_gmt":"2023-10-01T03:33:33","slug":"politica-de-privacidad-cloned-3","status":"publish","type":"page","link":"https:\/\/departamentoscarilo.com.ar\/index.php\/politica-de-privacidad-cloned-3\/","title":{"rendered":"Condiciones de reservas y servicios en estadias"},"content":{"rendered":"\t\t<div data-elementor-type=\"wp-page\" data-elementor-id=\"1512\" class=\"elementor elementor-1512\" data-elementor-settings=\"{&quot;ha_cmc_init_switcher&quot;:&quot;no&quot;}\" data-elementor-post-type=\"page\">\n\t\t\t\t\t\t<section class=\"elementor-section elementor-top-section elementor-element elementor-element-12aaf3db elementor-section-boxed elementor-section-height-default elementor-section-height-default wpr-particle-no wpr-jarallax-no wpr-parallax-no wpr-sticky-section-no\" data-id=\"12aaf3db\" data-element_type=\"section\" data-settings=\"{&quot;_ha_eqh_enable&quot;:false}\">\n\t\t\t\t\t\t<div class=\"elementor-container elementor-column-gap-default\">\n\t\t\t\t\t<div class=\"elementor-column elementor-col-100 elementor-top-column elementor-element elementor-element-625a7d95\" data-id=\"625a7d95\" data-element_type=\"column\">\n\t\t\t<div class=\"elementor-widget-wrap elementor-element-populated\">\n\t\t\t\t\t\t<div class=\"elementor-element elementor-element-136d20d0 elementor-widget elementor-widget-text-editor\" data-id=\"136d20d0\" data-element_type=\"widget\" data-widget_type=\"text-editor.default\">\n\t\t\t\t<div class=\"elementor-widget-container\">\n\t\t\t\t\t\t\t\t\t<div class=\"elementor-background-overlay\"><\/div><div data-id=\"5bea031\" data-element_type=\"widget\" data-model-cid=\"c168\" class=\"elementor-element elementor-element-edit-mode elementor-element-5bea031 elementor-element--toggle-edit-tools elementor-widget elementor-widget-text-editor ui-resizable\" data-widget_type=\"text-editor.default\"><div class=\"elementor-element-overlay\"><\/div><div class=\"elementor-widget-container\"><div class=\"elementor-text-editor elementor-clearfix elementor-inline-editing\" data-elementor-setting-key=\"editor\" data-elementor-inline-editing-toolbar=\"advanced\"><p><strong><span class=\"color_15 wixui-rich-text__text\"><span class=\"wixui-rich-text__text\"><span class=\"wixGuard wixui-rich-text__text\">Politicas y condiciones<\/span><\/span><\/span> de estad\u00edas:\u00a0<\/strong><\/p><ul><li class=\"font_2 wixui-rich-text__text\"><strong>Horario de Check In<\/strong>: 16:30 hs o de acuerdo a promoci\u00f3n<\/li><li><strong>Horario de Check out<\/strong>: 10:30 hs o de acuerdo a promoci\u00f3n<\/li><li><strong>No se ofrece desayuno.<\/strong> Todas los departamentos cuentan con equipamiento para prepararlo y tomarlo en el mismo.<\/li><li><strong>Servicio de Playa<\/strong><i>:\u00a0<strong>No incluido<\/strong><\/i><\/li><li><strong>Servicio de limpieza<\/strong>: se incluye la limpieza al egreso. No incluye lavado de vajilla.\u00a0 Ropa blanca (sabanas y toallas) se encuentran en la unidad a su ingreso de acuerdo a ocupacion contrada \u2013 no se incluyen toallas de playa. <span>En caso de querer servicio adicional de limpieza\u00a0 diario o intermedio o lavado de vajilla o cambio de toallas y\/o sabanas, lo puede solicitar al hacer la reserva, tiene costo adicional. En caso de hacerlo en el complejo, estar\u00e1 sujeto a disponibilidad en el momento de hacer el pedido y tiene costo adicional<\/span><\/li><li><strong>Servicio de TV<\/strong>: algunos departamentos cuentan con cable y otros con wifi<\/li><li><em><strong>No se aceptan mascotas<\/strong><\/em><\/li><li>Departamentos libres de humo<\/li><\/ul><p><strong>Confirmaci\u00f3n de reservas y cancelaciones:<\/strong><\/p><ul><li>Todas las reservas se confirmar\u00e1n con una s<span class=\"wixui-rich-text__text\">e\u00f1a del 50%<\/span><span>\u00a0<\/span>sobre el total de la estad\u00eda, el saldo ser\u00e1 abonado de acuerdo a contrato y\/o promoci\u00f3n previo al ingreso a la unidad.<\/li><li>En el momento de la reserva se confirmar\u00e1 s\u00f3lo el tipo de departamento, el n\u00famero de la unidad se dar\u00e1 a conocer en el d\u00eda de ingreso.<\/li><li><strong>Formas de pago habilitadas:<\/strong> Dep\u00f3sito y\/o transferencia bancaria o pago en efectivo en Carilo, Mar del Plata, Buenos Aires, Villa la Angostura. No se aceptan cheques ni tarjeta de cr\u00e9dito.<\/li><li><strong>Modificacion de reservas:<\/strong> no son reembolsables, se pueden modificar 40 dias previo al ingreso y estar\u00e1n sujetas a disponibilidad en el momento de hacer el pedido, pueden tener recargo.\u00a0\u00a0<em><strong><br \/><\/strong><\/em><\/li><li><strong>Tarifas promocionales:<\/strong> no se admiten cambios ni devoluciones<\/li><\/ul><div class=\"container main-content\"><div class=\"page-container property_info\"><div class=\"page-content-wrapper\"><div class=\"portlet box property_info\"><div class=\"portlet-body\"><div class=\"cancellation_policy\"><p>Gracias por elegirnos!<\/p><p><strong><em>\u00a0 \u00a0 \u00a0 \u00a0 \u00a0 \u00a0 \u00a0 \u00a0 \u00a0 \u00a0 Departamentos Carilo<\/em><\/strong><\/p><\/div><\/div><\/div><\/div><\/div><\/div><div class=\"container main-content property-info-container\"><\/div><div class=\"page-footer\"><div class=\"container\"><span class=\"security-sprite security-pci\"><\/span><span>\u00a0<\/span><span class=\"security-sprite security-ssl\"><\/span><\/div><\/div><p><strong><em><span style=\"letter-spacing: -0.03px;\">Los departamentos y suites ofrecidos pertenecen a propietarios particulares y se encuentran en edificios de propiedad horizontal. No forman parte de ning\u00fan hotel o appart,\u00a0 ni est\u00e1n gestionados por la administraci\u00f3n general de los complejos o por los fideicomisos correspondientes<\/span><\/em><\/strong><\/p><\/div><\/div><\/div>\t\t\t\t\t\t\t\t<\/div>\n\t\t\t\t<\/div>\n\t\t\t\t\t<\/div>\n\t\t<\/div>\n\t\t\t\t\t<\/div>\n\t\t<\/section>\n\t\t\t\t<\/div>\n\t\t","protected":false},"excerpt":{"rendered":"<p>Politicas y condiciones de estad\u00edas:\u00a0 Horario de Check In: 16:30 hs o de acuerdo a promoci\u00f3n Horario de Check out: 10:30 hs o de acuerdo a promoci\u00f3n No se ofrece desayuno. Todas los departamentos cuentan con equipamiento para prepararlo y tomarlo en el mismo. Servicio de Playa:\u00a0No incluido Servicio de<\/p>\n","protected":false},"author":1,"featured_media":0,"parent":0,"menu_order":0,"comment_status":"closed","ping_status":"open","template":"","meta":{"footnotes":""},"class_list":["post-1512","page","type-page","status-publish","hentry"],"_links":{"self":[{"href":"https:\/\/departamentoscarilo.com.ar\/index.php\/wp-json\/wp\/v2\/pages\/1512","targetHints":{"allow":["GET"]}}],"collection":[{"href":"https:\/\/departamentoscarilo.com.ar\/index.php\/wp-json\/wp\/v2\/pages"}],"about":[{"href":"https:\/\/departamentoscarilo.com.ar\/index.php\/wp-json\/wp\/v2\/types\/page"}],"author":[{"embeddable":true,"href":"https:\/\/departamentoscarilo.com.ar\/index.php\/wp-json\/wp\/v2\/users\/1"}],"replies":[{"embeddable":true,"href":"https:\/\/departamentoscarilo.com.ar\/index.php\/wp-json\/wp\/v2\/comments?post=1512"}],"version-history":[{"count":20,"href":"https:\/\/departamentoscarilo.com.ar\/index.php\/wp-json\/wp\/v2\/pages\/1512\/revisions"}],"predecessor-version":[{"id":3077,"href":"https:\/\/departamentoscarilo.com.ar\/index.php\/wp-json\/wp\/v2\/pages\/1512\/revisions\/3077"}],"wp:attachment":[{"href":"https:\/\/departamentoscarilo.com.ar\/index.php\/wp-json\/wp\/v2\/media?parent=1512"}],"curies":[{"name":"wp","href":"https:\/\/api.w.org\/{rel}","templated":true}]}}